{"id":37,"date":"2021-12-03T12:14:38","date_gmt":"2021-12-03T11:14:38","guid":{"rendered":"http:\/\/szpital1.bytom.pl\/_bip\/?page_id=37"},"modified":"2026-05-05T08:36:35","modified_gmt":"2026-05-05T06:36:35","slug":"kontakt","status":"publish","type":"page","link":"http:\/\/szpital1.bytom.pl\/bip\/kontakt\/","title":{"rendered":"Kontakt"},"content":{"rendered":"<div id=\"pl-37\"  class=\"panel-layout\" ><div id=\"pg-37-0\"  class=\"panel-grid panel-no-style\" ><div id=\"pgc-37-0-0\"  class=\"panel-grid-cell\" ><div id=\"panel-37-0-0-0\" class=\"so-panel widget widget_sow-editor panel-first-child panel-last-child\" data-index=\"0\" ><div\n\t\t\t\n\t\t\tclass=\"so-widget-sow-editor so-widget-sow-editor-base\"\n\t\t\t\n\t\t>\n<div class=\"siteorigin-widget-tinymce textwidget\">\n\t<h1 style=\"text-align: center;\">SP ZOZ SZPITAL SPECJALISTYCZNY NR 1 W BYTOMIU<\/h1>\n<div id=\"pl-95\" class=\"panel-layout\">\n<div id=\"pg-95-0\" class=\"panel-grid panel-no-style\">\n<div id=\"pgc-95-0-0\" class=\"panel-grid-cell\">\n<div id=\"panel-95-0-0-0\" class=\"so-panel widget widget_text panel-first-child panel-last-child\" data-index=\"0\">\n<h3 class=\"widget-title\">Informator pacjenta<\/h3>\n<div class=\"textwidget\">\n<h3 class=\"widget-title\"><a href=\"http:\/\/szpital1.bytom.pl\/plan-sytuacyjny\/\">PLAN SYTUACYJNY SZPITALA<\/a><\/h3>\n<div class=\"textwidget\">\n<p><strong>SP ZOZ SZPITAL SPECJALISTYCZNY NR 1 W BYTOMIU<br \/>\n<\/strong><\/p>\n<p>ul. \u017beromskiego 7, 41-902 Bytom<\/p>\n<p>Tel.: (32) 39 63 200 Fax.: (32) 39 63 251<\/p>\n<p>e-mail: <a href=\"http:\/\/szpital1.bytom.pl\/kontakt\/informator-pacjenta\/mailtoinfo@szpital1.bytom.pl\">info@szpital1.bytom.pl<\/a><\/p>\n<p>NIP: 626-034-01-73 REGON: 270235840<\/p>\n<p>Konto: ING Bank \u015al\u0105ski S.A. 58 1050 1230 1000 0023 5039 0619<\/p>\n<p><strong>IZBA PRZYJ\u0118\u0106<\/strong><\/p>\n<p>Kierownik Izby Przyj\u0119\u0107: lek. Krystian Giza<\/p>\n<p>tel. (32) 396-32-07<br \/>\ntel. (32) 396-32-67<\/p>\n<p><strong>ODDZIA\u0141Y SZPITALA<\/strong><\/p>\n<ul>\n<li><strong>Oddzia\u0142 Okulistyki<\/strong><br \/>\nKierownik oddzia\u0142u: lek. Katarzyna Mokros-Kowalczyk<br \/>\nSekretariat: (32) 396 32 55<br \/>\ne-mail: <a class=\"moz-txt-link-abbreviated moz-txt-link-freetext\" href=\"mailto:okulistyka@szpital1.bytom.pl\">okulistyka@szpital1.bytom.pl<\/a><\/li>\n<li><strong>Oddzia\u0142 Kliniczny Chirurgii Og\u00f3lnej<\/strong><strong> i Gastroenterologicznej z pododdzia\u0142em chirurgii onkologicznej<\/strong><br \/>\nKierownik oddzia\u0142u: dr n. med. Marek Rudzki<br \/>\nSekretariat : (32) 396-32-03<br \/>\ne-mail: <a class=\"moz-txt-link-abbreviated moz-txt-link-freetext\" href=\"mailto:chirurgia@szpital1.bytom.pl\">chirurgia@szpital1.bytom.pl<\/a><\/li>\n<li><strong>Oddzia\u0142 Kardiologii ze Stanowiskami Intensywnego Nadzoru<\/strong><br \/>\nKierownik oddzia\u0142u: dr n. med. Miros\u0142awa Cichocka<br \/>\nSekretariat: (32) 396-32-62<br \/>\ne-mail: <a class=\"moz-txt-link-abbreviated moz-txt-link-freetext\" href=\"mailto:kardiologia@szpital1.bytom.pl\">kardiologia@szpital1.bytom.pl<\/a><\/li>\n<li><strong>Oddzia\u0142 Reumatologii i Rehabilitacji<\/strong><br \/>\nKierownik oddzia\u0142u: dr n. med. Aleksandra Zo\u0144-Giebel<br \/>\nSekretariat: (32) 396-32-34<br \/>\ne-mail: <a class=\"moz-txt-link-abbreviated\" href=\"mailto:sreumatologia@szpital1.bytom.pl\">sreumatologia@szpital1.bytom.p<\/a>l<\/li>\n<li><strong>Oddzia\u0142 Chor\u00f3b Wewn\u0119trznych <\/strong><strong>z Pododdzia\u0142em Neurologii<\/strong><br \/>\nLekarz kieruj\u0105cy oddzia\u0142em: lek. So\u0142tysek Rafa\u0142<br \/>\nSekretariat: (32) 396-33-04<br \/>\ne-mail: <a class=\"moz-txt-link-abbreviated moz-txt-link-freetext\" href=\"mailto:wewnetrzny@szpital1.bytom.pl\">wewnetrzny@szpital1.bytom.pl<\/a><br \/>\nKoordynator Pododdzia\u0142u Neurologii: dr n. med. Witold Opie\u0142ka<br \/>\nSekretariat: (32) 396-32\u201394<br \/>\ne-mail: <a class=\"moz-txt-link-abbreviated moz-txt-link-freetext\" href=\"mailto:neurologia@szpital1.bytom.pl\">neurologia@szpital1.bytom.pl<\/a><\/li>\n<li><strong>Oddzia\u0142 Hematologii<\/strong><br \/>\nKierownik oddzia\u0142u: dr hab. n. med. Ewa Zi\u00f3\u0142ko<br \/>\nSekretariat: tel. (32) 39-63-317<br \/>\ne-mail: <a class=\"moz-txt-link-abbreviated moz-txt-link-freetext\" href=\"mailto:hematologia@szpital1.bytom.pl\">hematologia@szpital1.bytom.pl<\/a><\/li>\n<\/ul>\n<ul>\n<li><strong>Zak\u0142ad Diagnostyki Obrazowej<\/strong><br \/>\nul. \u017beromskiego 7; Sekretariat: (32) 396-32-04<br \/>\ne-mail: <a class=\"moz-txt-link-abbreviated moz-txt-link-freetext\" href=\"mailto:rtg@szpital1.bytom.pl\">rtg@szpital1.bytom.pl<\/a><\/li>\n<li><strong>Zak\u0142ad Opieku\u0144czo\u2013Leczniczy<\/strong><br \/>\nAl. Legion\u00f3w 49, obecnie ul. \u017beromskiego 7<br \/>\nKierownik mgr piel\u0119gniarstwa Ma\u0142gorzata Chabros<br \/>\nSekretariat<b>: <\/b>(32) 724 97 18<br \/>\ne-mail: <a class=\"moz-txt-link-abbreviated moz-txt-link-freetext\" href=\"mailto:zol@szpital1.bytom.pl\">zol@szpital1.bytom.pl<\/a><\/li>\n<li><strong>Pracownia Rehabilitacji Medycznej z Pracowni\u0105 Masa\u017cu Leczniczego i Pracownia Laseroterapii<\/strong><br \/>\nAl. Legion\u00f3w 49<br \/>\nKierownik mgr Urszula Marczakowska-Piku\u0142a<br \/>\ntel. (32) 281-94-41<br \/>\ne-mail: <a class=\"moz-txt-link-abbreviated moz-txt-link-freetext\" href=\"mailto:rehabilitacja@szpital1.bytom.pl\">rehabilitacja@szpital1.bytom.pl<\/a><\/li>\n<\/ul>\n<p><strong>PRZYCHODNIE WIELOSPECJALISTYCZNE<\/strong><br \/>\n<strong>ul. \u017bEROMSKIEGO 7<\/strong><br \/>\nRejestracja tel.: (32) 396-32-44<\/p>\n<p>\u2013 Hematologiczna<br \/>\n\u2013 Chirurgiczna i Chirurgii Onkologicznej<br \/>\n\u2013 Okulistyczna<br \/>\n\u2013 Neurologiczna<br \/>\n\u2013 Sala zabiegowa \u2013 drobne zabiegi okulistyczne<\/p>\n<p>- Poradnia Chor\u00f3b Zaka\u017anych<\/p>\n<p>Rejestracja tel.: (32) 396-32-58<\/p>\n<p>\u2013 Endokrynologiczna<br \/>\n\u2013 Kardiologiczna<br \/>\n\u2013 Reumatologiczna<\/p>\n<p>\u2013 Wirusowego Zapalenia W\u0105troby<\/p>\n<p><strong>PRZYCHODNIE WIELOSPECJALISTYCZNE<\/strong><br \/>\n<strong>Al. LEGION\u00d3W 49<\/strong><br \/>\nRejestracja tel.:<br \/>\n(32) 281-92-41<br \/>\n(32) 281-92-42<br \/>\n(32) 281-92-43<br \/>\nFax.: (32) 281-07-14<\/p>\n<p>Rejestracja osobista \u00a0 \u00a0 \u00a0 \u00a0 7.45 \u2013 14.00<\/p>\n<p>Rejestracja telefoniczna\u00a0 9:00 \u2013 13:00<\/p>\n<p>\u2013 Poradnia Gru\u017alicy i Chor\u00f3b P\u0142uc<br \/>\n\u2013 Poradnia Gru\u017alicy i Chor\u00f3b P\u0142uc dla Dzieci<\/p>\n<p><strong>PRACOWNIE<\/strong><\/p>\n<p><strong>Pracownia USG<\/strong><br \/>\n(32) 396-32-37<\/p>\n<p><strong>Pracownia EEG<\/strong><br \/>\n(32) 396-32-97<\/p>\n<p><strong>Pracownia EMG, UDP<\/strong><br \/>\n(32) 396-32-97<\/p>\n<p><strong>Pracownia Pr\u00f3b Wysi\u0142kowych<\/strong><br \/>\n(32) 396-32-62<\/p>\n<p><strong>Pracownia Endoskopii<\/strong><br \/>\n(32) 396-32-78<\/p>\n<p><strong>Pracownia Tomografii Komputerowej - firma Voxel<\/strong><br \/>\n(32) 397-69-00<\/p>\n<p><strong>Pracownia Rezonansu Magnetycznego - firma Voxel<\/strong><br \/>\n(32) 397-69-01<\/p>\n<\/div>\n<\/div>\n<\/div>\n<\/div>\n<\/div>\n<\/div>\n<\/div>\n<\/div><\/div><\/div><\/div><\/div>","protected":false},"excerpt":{"rendered":"<p>SP ZOZ SZPITAL SPECJALISTYCZNY NR 1 W BYTOMIU Informator pacjenta PLAN SYTUACYJNY SZPITALA SP ZOZ SZPITAL SPECJALISTYCZNY NR 1 W BYTOMIU ul. \u017beromskiego 7, 41-902 Bytom Tel.: (32) 39 63 200 Fax.: (32) 39 63 251 e-mail: info@szpital1.bytom.pl NIP: 626-034-01-73 REGON: 270235840 Konto: ING Bank \u015al\u0105ski S.A. 58 1050 1230 1000 0023 5039 0619 IZBA [&hellip;]<\/p>\n","protected":false},"author":1,"featured_media":0,"parent":0,"menu_order":0,"comment_status":"closed","ping_status":"closed","template":"","meta":{"footnotes":""},"class_list":["post-37","page","type-page","status-publish","hentry"],"_links":{"self":[{"href":"http:\/\/szpital1.bytom.pl\/bip\/wp-json\/wp\/v2\/pages\/37","targetHints":{"allow":["GET"]}}],"collection":[{"href":"http:\/\/szpital1.bytom.pl\/bip\/wp-json\/wp\/v2\/pages"}],"about":[{"href":"http:\/\/szpital1.bytom.pl\/bip\/wp-json\/wp\/v2\/types\/page"}],"author":[{"embeddable":true,"href":"http:\/\/szpital1.bytom.pl\/bip\/wp-json\/wp\/v2\/users\/1"}],"replies":[{"embeddable":true,"href":"http:\/\/szpital1.bytom.pl\/bip\/wp-json\/wp\/v2\/comments?post=37"}],"version-history":[{"count":18,"href":"http:\/\/szpital1.bytom.pl\/bip\/wp-json\/wp\/v2\/pages\/37\/revisions"}],"predecessor-version":[{"id":1067,"href":"http:\/\/szpital1.bytom.pl\/bip\/wp-json\/wp\/v2\/pages\/37\/revisions\/1067"}],"wp:attachment":[{"href":"http:\/\/szpital1.bytom.pl\/bip\/wp-json\/wp\/v2\/media?parent=37"}],"curies":[{"name":"wp","href":"https:\/\/api.w.org\/{rel}","templated":true}]}}