{"id":28,"date":"2021-12-03T12:11:41","date_gmt":"2021-12-03T11:11:41","guid":{"rendered":"http:\/\/szpital1.bytom.pl\/_bip\/?page_id=28"},"modified":"2025-06-09T12:37:14","modified_gmt":"2025-06-09T10:37:14","slug":"zamowienia-publiczne","status":"publish","type":"page","link":"http:\/\/szpital1.bytom.pl\/bip\/zamowienia-publiczne\/","title":{"rendered":"Zam\u00f3wienia publiczne"},"content":{"rendered":"<div id=\"pl-28\"  class=\"panel-layout\" ><div id=\"pg-28-0\"  class=\"panel-grid panel-no-style\" ><div id=\"pgc-28-0-0\"  class=\"panel-grid-cell\" ><div id=\"panel-28-0-0-0\" class=\"so-panel widget widget_sow-editor panel-first-child panel-last-child\" data-index=\"0\" ><div\n\t\t\t\n\t\t\tclass=\"so-widget-sow-editor so-widget-sow-editor-base\"\n\t\t\t\n\t\t>\n<div class=\"siteorigin-widget-tinymce textwidget\">\n\t<div class=\"container\">\n<h1 class=\"page-title\"><\/h1>\n<\/div>\n<div id=\"pl-28\" class=\"panel-layout\">\n<div id=\"pg-28-0\" class=\"panel-grid panel-no-style\">\n<div id=\"pgc-28-0-0\" class=\"panel-grid-cell\">\n<div id=\"panel-28-0-0-0\" class=\"so-panel widget widget_sow-editor panel-first-child panel-last-child\" data-index=\"0\">\n<div class=\"so-widget-sow-editor so-widget-sow-editor-base\">\n<div class=\"siteorigin-widget-tinymce textwidget\">\n<p><strong>Szpital informuje, \u017ce post\u0119powania o warto\u015bci zam\u00f3wienia r\u00f3wnej b\u0105d\u017a przekraczaj\u0105cej kwot\u0119 130 000,00 z\u0142 netto od 01.01.2024 r. prowadzi za po\u015brednictwem portalu Smart PZP pod adresem:<br \/>\n<a class=\"moz-txt-link-freetext\" href=\"https:\/\/szpital1bytom.ezamawiajacy.pl\/servlet\/HomeServlet\">https:\/\/szpital1bytom.ezamawiajacy.pl\/servlet\/HomeServlet<\/a><\/strong><\/p>\n<p>&nbsp;<\/p>\n<p><strong>Szpital informuje, \u017ce post\u0119powania o warto\u015bci zam\u00f3wienia r\u00f3wnej b\u0105d\u017a przekraczaj\u0105cej kwot\u0119 130 000,00 z\u0142 netto wszcz\u0119te przed 01.01.2024 r. prowadzi za po\u015brednictwem platformy zakupowej pod adresem:<br \/>\n<a class=\"moz-txt-link-freetext\" href=\"https:\/\/portal.smartpzp.pl\/szpital1bytom\">https:\/\/portal.smartpzp.pl\/szpital1bytom<\/a><\/strong><\/p>\n<p>&nbsp;<\/p>\n<p>&nbsp;<\/p>\n<p>Uprawnionymi do kontaktu z Oferentami s\u0105 pracownicy SEKCJI ZAM\u00d3WIE\u0143 PUBLICZNYCH<br \/>\nTelefon: (32) 396-33-32<br \/>\ne-mail: <a class=\"moz-txt-link-freetext\" href=\"mailto:zampub@szpital1.bytom.pl\">zampub@szpital1.bytom.pl<\/a><\/p>\n<p>&nbsp;<\/p>\n<\/div>\n<\/div>\n<\/div>\n<\/div>\n<\/div>\n<\/div>\n<\/div>\n<\/div><\/div><\/div><\/div><\/div>","protected":false},"excerpt":{"rendered":"<p>Szpital informuje, \u017ce post\u0119powania o warto\u015bci zam\u00f3wienia r\u00f3wnej b\u0105d\u017a przekraczaj\u0105cej kwot\u0119 130 000,00 z\u0142 netto od 01.01.2024 r. prowadzi za po\u015brednictwem portalu Smart PZP pod adresem: https:\/\/szpital1bytom.ezamawiajacy.pl\/servlet\/HomeServlet &nbsp; Szpital informuje, \u017ce post\u0119powania o warto\u015bci zam\u00f3wienia r\u00f3wnej b\u0105d\u017a przekraczaj\u0105cej kwot\u0119 130 000,00 z\u0142 netto wszcz\u0119te przed 01.01.2024 r. prowadzi za po\u015brednictwem platformy zakupowej pod adresem: https:\/\/portal.smartpzp.pl\/szpital1bytom [&hellip;]<\/p>\n","protected":false},"author":1,"featured_media":0,"parent":0,"menu_order":0,"comment_status":"closed","ping_status":"closed","template":"","meta":{"footnotes":""},"class_list":["post-28","page","type-page","status-publish","hentry"],"_links":{"self":[{"href":"http:\/\/szpital1.bytom.pl\/bip\/wp-json\/wp\/v2\/pages\/28","targetHints":{"allow":["GET"]}}],"collection":[{"href":"http:\/\/szpital1.bytom.pl\/bip\/wp-json\/wp\/v2\/pages"}],"about":[{"href":"http:\/\/szpital1.bytom.pl\/bip\/wp-json\/wp\/v2\/types\/page"}],"author":[{"embeddable":true,"href":"http:\/\/szpital1.bytom.pl\/bip\/wp-json\/wp\/v2\/users\/1"}],"replies":[{"embeddable":true,"href":"http:\/\/szpital1.bytom.pl\/bip\/wp-json\/wp\/v2\/comments?post=28"}],"version-history":[{"count":11,"href":"http:\/\/szpital1.bytom.pl\/bip\/wp-json\/wp\/v2\/pages\/28\/revisions"}],"predecessor-version":[{"id":896,"href":"http:\/\/szpital1.bytom.pl\/bip\/wp-json\/wp\/v2\/pages\/28\/revisions\/896"}],"wp:attachment":[{"href":"http:\/\/szpital1.bytom.pl\/bip\/wp-json\/wp\/v2\/media?parent=28"}],"curies":[{"name":"wp","href":"https:\/\/api.w.org\/{rel}","templated":true}]}}