{"id":24,"date":"2021-12-03T12:10:31","date_gmt":"2021-12-03T11:10:31","guid":{"rendered":"http:\/\/szpital1.bytom.pl\/_bip\/?page_id=24"},"modified":"2026-01-02T09:16:51","modified_gmt":"2026-01-02T08:16:51","slug":"wladze-szpitala","status":"publish","type":"page","link":"http:\/\/szpital1.bytom.pl\/bip\/wladze-szpitala\/","title":{"rendered":"W\u0142adze Szpitala"},"content":{"rendered":"<div id=\"pl-24\"  class=\"panel-layout\" ><div id=\"pg-24-0\"  class=\"panel-grid panel-no-style\" ><div id=\"pgc-24-0-0\"  class=\"panel-grid-cell\" ><div id=\"panel-24-0-0-0\" class=\"so-panel widget widget_sow-editor panel-first-child panel-last-child\" data-index=\"0\" ><div\n\t\t\t\n\t\t\tclass=\"so-widget-sow-editor so-widget-sow-editor-base\"\n\t\t\t\n\t\t>\n<div class=\"siteorigin-widget-tinymce textwidget\">\n\t<h2 style=\"text-align: center;\">Dyrektor Szpitala Specjalistycznego Nr 1 w Bytomiu<\/h2>\n<p><strong>p.o Dyrektora Szpitala Specjalistycznego Nr 1 w Bytomiu <\/strong>mgr Kinga Wieczorek<br \/>\nSekretariat Dyrektora tel: (32) 396 32 51<br \/>\ne-mail: <a class=\"moz-txt-link-freetext\" href=\"mailto:info@szpital1.bytom.pl\">info@szpital1.bytom.pl<\/a><\/p>\n<p>&nbsp;<\/p>\n<p><strong>p.o. Zast\u0119pca Dyrektora ds. Lecznictwa<\/strong>\u00a0lek. Rafa\u0142 So\u0142tysek<br \/>\ntel: (32) 396 32 51<br \/>\ne-mail: <a class=\"moz-txt-link-freetext\" href=\"mailto:info@szpital1.bytom.pl\">info@szpital1.bytom.pl<\/a><\/p>\n<p>&nbsp;<\/p>\n<p><strong>Zast\u0119pca Dyrektora ds. Rozwoju i Infrastruktury<\/strong>\u00a0in\u017c. Joanna Nowak-Kogut<br \/>\ntel: (32) 396 33 02<br \/>\ne-mail: <a class=\"moz-txt-link-freetext\" href=\"mailto:j.nowakkogut@szpital1.bytom.pl\">j.nowakkogut@szpital1.bytom.pl<\/a><\/p>\n<p>&nbsp;<\/p>\n<p><strong>Naczelna Piel\u0119gniarka\u00a0<\/strong>mgr piel\u0119gniarstwa Aneta W\u0105sek<br \/>\ntel: (32) 396 33 05<br \/>\ne-mail: <a class=\"moz-txt-link-freetext\" href=\"mailto:a.wasek@szpital1.bytom.pl\">a.wasek@szpital1.bytom.pl<\/a><\/p>\n<p>&nbsp;<\/p>\n<p><strong>G\u0142\u00f3wny Ksi\u0119gowy <\/strong>mgr Kinga Wieczorek<br \/>\ne-mail: <a class=\"moz-txt-link-freetext\" href=\"mailto:ksiegowa@szpital1.bytom.pl\">ksiegowa@szpital1.bytom.pl<\/a><\/p>\n<p>&nbsp;<\/p>\n<p><strong>ADMINISTRACJA<\/strong><\/p>\n<p><strong>SEKRETARIAT DYREKTORA <\/strong><\/p>\n<p>Smosna Patrycja<br \/>\nTelefon\/Faks: (32) 396-32-51<br \/>\ne-mail: <a class=\"moz-txt-link-freetext\" href=\"mailto:info@szpital1.bytom.pl\">info@szpital1.bytom.pl<\/a><\/p>\n<p>__________________________________________________________<\/p>\n<p><strong>DZIA\u0141 ORGANIZACJI I INFRASTRUKTURY<\/strong><\/p>\n<p>Kierownik Tomasz Filaszkiewicz<br \/>\nTelefon: (32) 396-32-17<br \/>\ne-mail:<br \/>\n<a class=\"moz-txt-link-freetext\" href=\"mailto:t.filaszkiewicz@szpital1.bytom.pl\">t.filaszkiewicz@szpital1.bytom.pl<\/a><br \/>\n<a class=\"moz-txt-link-freetext\" href=\"mailto:techniczny@szpital1.bytom.pl\">techniczny@szpital1.bytom.pl<\/a><\/p>\n<p>__________________________________________________________<\/p>\n<p><strong>DZIA\u0141 KADR I P\u0141AC<\/strong><\/p>\n<p>Kierownik Joanna Kuczy\u0144ska<br \/>\nTelefon: (32) 396-32-32<br \/>\ne-mail: <a class=\"moz-txt-link-freetext\" href=\"mailto:kadry@szpital1.bytom.pl\">kadry@szpital1.bytom.pl<\/a><\/p>\n<p>lub<\/p>\n<p>Telefon: (32) 396-33-31<br \/>\ne-mail: <a class=\"moz-txt-link-freetext\" href=\"mailto:rachuba@szpital1.bytom.pl\">rachuba@szpital1.bytom.pl<\/a><\/p>\n<p>__________________________________________________________<\/p>\n<p><strong>DZIA\u0141 KSI\u0118GOWO\u015aCI<\/strong><\/p>\n<p>G\u0142\u00f3wny Ksi\u0119gowy mgr Kinga Wieczorek<br \/>\nz-ca G\u0142\u00f3wnego Ksi\u0119gowego Justyna Ryszka<\/p>\n<p>Telefon: (32) 396-32-19<br \/>\ne-mail: <a class=\"moz-txt-link-freetext\" href=\"mailto:ksiegowosc@szpital1.bytom.pl\">ksiegowosc@szpital1.bytom.pl<\/a><\/p>\n<p>lub<\/p>\n<p>Telefon: (32) 396-32-90<br \/>\ne-mail: <a class=\"moz-txt-link-freetext\" href=\"mailto:analizy@szpital1.bytom.pl\">analizy@szpital1.bytom.pl<\/a><\/p>\n<p>lub<br \/>\n<strong>KASA<br \/>\n<\/strong>Telefon: (32) 396-32-71<\/p>\n<p>__________________________________________________________<\/p>\n<p><strong>DZIA\u0141 ORGANIZACJI LECZNICTWA I STATYSTYKI<\/strong><\/p>\n<p>Kierownik Justyna Cichy<br \/>\nTelefon: (32) 396-32-96<br \/>\ne-mail:<br \/>\n<a class=\"moz-txt-link-freetext\" href=\"mailto:j.cichy@szpital1.bytom.pl\">j.cichy@szpital1.bytom.pl<\/a><br \/>\n<a class=\"moz-txt-link-freetext\" href=\"mailto:organizacjalecznictwa@szpital1.bytom.pl\">organizacjalecznictwa@szpital1.bytom.pl<\/a><\/p>\n<p>lub<\/p>\n<p>Telefon: (32) 396-32-20<br \/>\ne-mail: <a class=\"moz-txt-link-freetext\" href=\"mailto:statystyka@szpital1.bytom.pl\">statystyka@szpital1.bytom.pl<\/a><\/p>\n<p>__________________________________________________________<\/p>\n<p><strong>SEKCJA ZAM\u00d3WIE\u0143 PUBLICZNYCH<\/strong><\/p>\n<p>Koordynator Wioletta Klita<br \/>\nTelefon: (32) 396-33-32<br \/>\ne-mail: <a class=\"moz-txt-link-freetext\" href=\"mailto:zampub@szpital1.bytom.pl\">zampub@szpital1.bytom.pl<\/a><\/p>\n<p>__________________________________________________________<\/p>\n<p><strong>SEKCJA ds. BHP<\/strong><\/p>\n<p>Telefon: (32) 396-32-46<br \/>\ne-mail: <a class=\"moz-txt-link-freetext\" href=\"mailto:bhp@szpital1.bytom.pl\">bhp@szpital1.bytom.pl<\/a><\/p>\n<p>__________________________________________________________<\/p>\n<p><strong>INSPEKTOR OCHRONY DANYCH<\/strong><\/p>\n<p>Katarzyna Ziomek<\/p>\n<p>Telefon: (32) 396 33 32<br \/>\ne-mail : <a class=\"moz-txt-link-freetext\" href=\"mailto:iod@szpital1.bytom.pl\">iod@szpital1.bytom.pl<\/a><\/p>\n<p>__________________________________________________________<\/p>\n<p><strong>PE\u0141NOMOCNIK DS. SYSTEMU ZARZ\u0104DZANIA JAKO\u015aCI\u0104<\/strong><\/p>\n<p>Wioletta Klita<\/p>\n<p>Telefon: (32) 396 33 32<br \/>\ne-mail: <a class=\"moz-txt-link-freetext\" href=\"mailto:w.klita@szpital1.bytom.pl\">w.klita@szpital1.bytom.pl<\/a><\/p>\n<p>__________________________________________________________<\/p>\n<p><strong>OBS\u0141UGA INFORMATYCZNA<\/strong><\/p>\n<p>Telefon: (32) 396-32-38<br \/>\ne-mail: <a class=\"moz-txt-link-freetext\" href=\"mailto:informatyk@szpital1.bytom.pl\">informatyk@szpital1.bytom.pl<\/a><\/p>\n<\/div>\n<\/div><\/div><\/div><\/div><\/div>","protected":false},"excerpt":{"rendered":"<p>Dyrektor Szpitala Specjalistycznego Nr 1 w Bytomiu p.o Dyrektora Szpitala Specjalistycznego Nr 1 w Bytomiu mgr Kinga Wieczorek Sekretariat Dyrektora tel: (32) 396 32 51 e-mail: info@szpital1.bytom.pl &nbsp; p.o. Zast\u0119pca Dyrektora ds. Lecznictwa\u00a0lek. Rafa\u0142 So\u0142tysek tel: (32) 396 32 51 e-mail: info@szpital1.bytom.pl &nbsp; Zast\u0119pca Dyrektora ds. Rozwoju i Infrastruktury\u00a0in\u017c. Joanna Nowak-Kogut tel: (32) 396 33 [&hellip;]<\/p>\n","protected":false},"author":1,"featured_media":0,"parent":0,"menu_order":0,"comment_status":"closed","ping_status":"closed","template":"","meta":{"footnotes":""},"class_list":["post-24","page","type-page","status-publish","hentry"],"_links":{"self":[{"href":"http:\/\/szpital1.bytom.pl\/bip\/wp-json\/wp\/v2\/pages\/24","targetHints":{"allow":["GET"]}}],"collection":[{"href":"http:\/\/szpital1.bytom.pl\/bip\/wp-json\/wp\/v2\/pages"}],"about":[{"href":"http:\/\/szpital1.bytom.pl\/bip\/wp-json\/wp\/v2\/types\/page"}],"author":[{"embeddable":true,"href":"http:\/\/szpital1.bytom.pl\/bip\/wp-json\/wp\/v2\/users\/1"}],"replies":[{"embeddable":true,"href":"http:\/\/szpital1.bytom.pl\/bip\/wp-json\/wp\/v2\/comments?post=24"}],"version-history":[{"count":16,"href":"http:\/\/szpital1.bytom.pl\/bip\/wp-json\/wp\/v2\/pages\/24\/revisions"}],"predecessor-version":[{"id":1022,"href":"http:\/\/szpital1.bytom.pl\/bip\/wp-json\/wp\/v2\/pages\/24\/revisions\/1022"}],"wp:attachment":[{"href":"http:\/\/szpital1.bytom.pl\/bip\/wp-json\/wp\/v2\/media?parent=24"}],"curies":[{"name":"wp","href":"https:\/\/api.w.org\/{rel}","templated":true}]}}