{"id":15,"date":"2021-12-03T11:40:32","date_gmt":"2021-12-03T10:40:32","guid":{"rendered":"http:\/\/szpital1.bytom.pl\/_bip\/?page_id=15"},"modified":"2025-05-12T14:33:04","modified_gmt":"2025-05-12T12:33:04","slug":"strona-glowna","status":"publish","type":"page","link":"http:\/\/szpital1.bytom.pl\/bip\/","title":{"rendered":"Strona g\u0142\u00f3wna"},"content":{"rendered":"<div id=\"pl-15\"  class=\"panel-layout\" ><div id=\"pg-15-0\"  class=\"panel-grid panel-no-style\" ><div id=\"pgc-15-0-0\"  class=\"panel-grid-cell\" ><div id=\"panel-15-0-0-0\" class=\"so-panel widget widget_sow-editor panel-first-child panel-last-child\" data-index=\"0\" ><div\n\t\t\t\n\t\t\tclass=\"so-widget-sow-editor so-widget-sow-editor-base\"\n\t\t\t\n\t\t>\n<div class=\"siteorigin-widget-tinymce textwidget\">\n\t<h1>Informacje og\u00f3lne<\/h1>\n<p><strong>Strona www BIP:<\/strong><br \/>\n<a href=\"http:\/\/szpital1.bytom.pl\/bip\/\"><strong>www.szpital1.bytom.pl\/bip<\/strong><\/a><\/p>\n<p>&nbsp;<\/p>\n<p>Adres podmiotu:<\/p>\n<p>ul. Stefana \u017beromskiego 7<br \/>\n41-902 Bytom<br \/>\nWojew\u00f3dztwo: \u015bl\u0105skie<br \/>\nPowiat: Powiat m. Bytom<br \/>\nGmina: M. Bytom<br \/>\nPoczta: Bytom<\/p>\n<hr \/>\n<p>&nbsp;<\/p>\n<p>Kontakt:<\/p>\n<p>telefon: 32 396-32-00<br \/>\nfaks: 32 396 32 51<br \/>\ninfo@szpital1.bytom.pl<\/p>\n<p>Skrzynka ePUAP: \/SZPITAL1BYTOM\/SkrytkaESP<\/p>\n<p>e-Dor\u0119czenia: AE:PL-28266-99633-IURIU-16<\/p>\n<hr \/>\n<p>&nbsp;<\/p>\n<p>Redakcja:<\/p>\n<p>MM-Serwis Katarzyna Darowska<br \/>\n42-622 \u015awierklaniec<br \/>\nul. Pod Wierzb\u0105 13<br \/>\ntelefon: 32 396-32-38<br \/>\n666-357-448<\/p>\n<\/div>\n<\/div><\/div><\/div><\/div><\/div>","protected":false},"excerpt":{"rendered":"<p>Informacje og\u00f3lne Strona www BIP: www.szpital1.bytom.pl\/bip &nbsp; Adres podmiotu: ul. Stefana \u017beromskiego 7 41-902 Bytom Wojew\u00f3dztwo: \u015bl\u0105skie Powiat: Powiat m. Bytom Gmina: M. Bytom Poczta: Bytom &nbsp; Kontakt: telefon: 32 396-32-00 faks: 32 396 32 51 info@szpital1.bytom.pl Skrzynka ePUAP: \/SZPITAL1BYTOM\/SkrytkaESP e-Dor\u0119czenia: AE:PL-28266-99633-IURIU-16 &nbsp; Redakcja: MM-Serwis Katarzyna Darowska 42-622 \u015awierklaniec ul. Pod Wierzb\u0105 13 telefon: 32 [&hellip;]<\/p>\n","protected":false},"author":1,"featured_media":0,"parent":0,"menu_order":0,"comment_status":"closed","ping_status":"closed","template":"","meta":{"footnotes":""},"class_list":["post-15","page","type-page","status-publish","hentry"],"_links":{"self":[{"href":"http:\/\/szpital1.bytom.pl\/bip\/wp-json\/wp\/v2\/pages\/15","targetHints":{"allow":["GET"]}}],"collection":[{"href":"http:\/\/szpital1.bytom.pl\/bip\/wp-json\/wp\/v2\/pages"}],"about":[{"href":"http:\/\/szpital1.bytom.pl\/bip\/wp-json\/wp\/v2\/types\/page"}],"author":[{"embeddable":true,"href":"http:\/\/szpital1.bytom.pl\/bip\/wp-json\/wp\/v2\/users\/1"}],"replies":[{"embeddable":true,"href":"http:\/\/szpital1.bytom.pl\/bip\/wp-json\/wp\/v2\/comments?post=15"}],"version-history":[{"count":8,"href":"http:\/\/szpital1.bytom.pl\/bip\/wp-json\/wp\/v2\/pages\/15\/revisions"}],"predecessor-version":[{"id":881,"href":"http:\/\/szpital1.bytom.pl\/bip\/wp-json\/wp\/v2\/pages\/15\/revisions\/881"}],"wp:attachment":[{"href":"http:\/\/szpital1.bytom.pl\/bip\/wp-json\/wp\/v2\/media?parent=15"}],"curies":[{"name":"wp","href":"https:\/\/api.w.org\/{rel}","templated":true}]}}