{"id":144,"date":"2021-12-22T10:17:58","date_gmt":"2021-12-22T09:17:58","guid":{"rendered":"http:\/\/szpital1.bytom.pl\/bip\/?page_id=144"},"modified":"2021-12-22T10:18:25","modified_gmt":"2021-12-22T09:18:25","slug":"zamowienia-na-uslugi-spoleczne","status":"publish","type":"page","link":"http:\/\/szpital1.bytom.pl\/bip\/zamowienia-publiczne\/zamowienia-na-uslugi-spoleczne\/","title":{"rendered":"Zam\u00f3wienia na us\u0142ugi spo\u0142eczne"},"content":{"rendered":"<div id=\"pl-144\"  class=\"panel-layout\" ><div id=\"pg-144-0\"  class=\"panel-grid panel-no-style\" ><div id=\"pgc-144-0-0\"  class=\"panel-grid-cell\" ><div id=\"panel-144-0-0-0\" class=\"so-panel widget widget_sow-editor panel-first-child panel-last-child\" data-index=\"0\" ><div\n\t\t\t\n\t\t\tclass=\"so-widget-sow-editor so-widget-sow-editor-base\"\n\t\t\t\n\t\t>\n<div class=\"siteorigin-widget-tinymce textwidget\">\n\t<p style=\"text-align: center;\"><a href=\"http:\/\/www.szpital1.bytom.pl\/oldbip\/biuletyn-informacji-publicznej\/zamowienia-publiczne\/zamowienia-na-uslugi-spoleczne.html\">Archiwalne zamowienia na us\u0142ugi spo\u0142eczne<\/a><\/p>\n<\/div>\n<\/div><\/div><\/div><\/div><\/div>","protected":false},"excerpt":{"rendered":"<p>Archiwalne zamowienia na us\u0142ugi spo\u0142eczne<\/p>\n","protected":false},"author":1,"featured_media":0,"parent":28,"menu_order":0,"comment_status":"closed","ping_status":"closed","template":"","meta":{"footnotes":""},"class_list":["post-144","page","type-page","status-publish","hentry"],"_links":{"self":[{"href":"http:\/\/szpital1.bytom.pl\/bip\/wp-json\/wp\/v2\/pages\/144","targetHints":{"allow":["GET"]}}],"collection":[{"href":"http:\/\/szpital1.bytom.pl\/bip\/wp-json\/wp\/v2\/pages"}],"about":[{"href":"http:\/\/szpital1.bytom.pl\/bip\/wp-json\/wp\/v2\/types\/page"}],"author":[{"embeddable":true,"href":"http:\/\/szpital1.bytom.pl\/bip\/wp-json\/wp\/v2\/users\/1"}],"replies":[{"embeddable":true,"href":"http:\/\/szpital1.bytom.pl\/bip\/wp-json\/wp\/v2\/comments?post=144"}],"version-history":[{"count":2,"href":"http:\/\/szpital1.bytom.pl\/bip\/wp-json\/wp\/v2\/pages\/144\/revisions"}],"predecessor-version":[{"id":146,"href":"http:\/\/szpital1.bytom.pl\/bip\/wp-json\/wp\/v2\/pages\/144\/revisions\/146"}],"up":[{"embeddable":true,"href":"http:\/\/szpital1.bytom.pl\/bip\/wp-json\/wp\/v2\/pages\/28"}],"wp:attachment":[{"href":"http:\/\/szpital1.bytom.pl\/bip\/wp-json\/wp\/v2\/media?parent=144"}],"curies":[{"name":"wp","href":"https:\/\/api.w.org\/{rel}","templated":true}]}}